{"id":1910,"date":"2024-12-18T17:18:26","date_gmt":"2024-12-19T01:18:26","guid":{"rendered":"https:\/\/smjatc.com\/?page_id=1910"},"modified":"2025-06-25T12:09:00","modified_gmt":"2025-06-25T16:09:00","slug":"privacy-policy","status":"publish","type":"page","link":"https:\/\/smartlu49jatc.com\/es\/privacy-policy\/","title":{"rendered":"Pol\u00edtica de privacidad"},"content":{"rendered":"<div data-elementor-type=\"wp-page\" data-elementor-id=\"1910\" class=\"elementor elementor-1910\" data-elementor-post-type=\"page\">\n\t\t\t\t<div data-particle_enable=\"false\" data-particle-mobile-disabled=\"false\" class=\"elementor-element elementor-element-eb76336 e-con-full e-flex e-con e-parent\" data-id=\"eb76336\" data-element_type=\"container\" data-e-type=\"container\" id=\"sectionbox\" data-settings=\"{&quot;background_background&quot;:&quot;classic&quot;}\">\n\t\t<div data-particle_enable=\"false\" data-particle-mobile-disabled=\"false\" class=\"elementor-element elementor-element-6f28b46 e-con-full boxbox e-flex e-con e-child\" data-id=\"6f28b46\" data-element_type=\"container\" data-e-type=\"container\">\n\t\t\t\t<div class=\"elementor-element elementor-element-f372d20 elementor-widget elementor-widget-heading\" data-id=\"f372d20\" data-element_type=\"widget\" data-e-type=\"widget\" data-widget_type=\"heading.default\">\n\t\t\t\t\t<h1 class=\"elementor-heading-title elementor-size-default\">Pol\u00edtica de privacidad<\/h1>\t\t\t\t<\/div>\n\t\t\t\t<div class=\"elementor-element elementor-element-c31ee05 elementor-widget elementor-widget-text-editor\" data-id=\"c31ee05\" data-element_type=\"widget\" data-e-type=\"widget\" data-widget_type=\"text-editor.default\">\n\t\t\t\t\t\t\t\t\t<p>Fecha de entrada en vigor: 1 de enero de 2025<\/p><p>SMART Local Union 49 JATC (en adelante \"nosotros\", \"nos\" o \"nuestro\") respeta su privacidad y se compromete a proteger su informaci\u00f3n personal. Esta pol\u00edtica de privacidad describe c\u00f3mo recopilamos, utilizamos y protegemos sus datos cuando visita nuestro sitio web.<\/p><h4><strong>1. Informaci\u00f3n que recopilamos<\/strong><\/h4><p>Informaci\u00f3n personal: Cuando se pone en contacto con nosotros, se suscribe a los boletines o utiliza los formularios de nuestro sitio web, podemos recopilar su nombre, direcci\u00f3n de correo electr\u00f3nico, n\u00famero de tel\u00e9fono y otros datos que nos proporcione.<\/p><p>Informaci\u00f3n no personal: Recopilamos datos no identificables como el tipo de navegador, la informaci\u00f3n del dispositivo, la direcci\u00f3n IP y las p\u00e1ginas visitadas utilizando cookies y tecnolog\u00edas similares.<\/p><h4><strong>2. C\u00f3mo utilizamos su informaci\u00f3n<\/strong><\/h4><p>Podemos utilizar la informaci\u00f3n que recopilamos para:<\/p><ul><li>Responder a consultas o solicitudes.<\/li><li>Mejorar nuestro sitio web y la experiencia del usuario.<\/li><li>Enviar boletines o correos electr\u00f3nicos promocionales (con su consentimiento).<\/li><li>Supervise el tr\u00e1fico y las pautas de uso del sitio web.<\/li><\/ul><h4><strong>3. 3. Intercambio de informaci\u00f3n<\/strong><\/h4><p>No vendemos, alquilamos ni compartimos su informaci\u00f3n personal con terceros, salvo en la medida en que sea necesario para:<\/p><ul><li>Cumplir las obligaciones legales.<\/li><li>Proteger los derechos y la seguridad de nuestro sitio web o de los usuarios.<\/li><\/ul><h4><strong>4. Cookies<\/strong><\/h4><p>Nuestro sitio web utiliza cookies para mejorar su funcionalidad y hacer un seguimiento de su uso. Puede gestionar o desactivar las cookies a trav\u00e9s de la configuraci\u00f3n de su navegador.<\/p><h4><strong>5. Sus derechos<\/strong><\/h4><p>Tienes derecho a:<\/p><ul><li>Acceder a su informaci\u00f3n personal, actualizarla o eliminarla.<\/li><li>Optar por no recibir comunicaciones promocionales.<\/li><li>Solicite informaci\u00f3n sobre c\u00f3mo tratamos sus datos.<\/li><\/ul><h4><strong>6. Contacto<\/strong><\/h4><p>Si tiene alguna pregunta sobre esta Pol\u00edtica de privacidad, p\u00f3ngase en contacto con nosotros en:<\/p><p>info@smartlu49jatc.com<br \/>(505) 242-4262<\/p>\t\t\t\t\t\t\t\t<\/div>\n\t\t\t\t<\/div>\n\t\t\t\t<\/div>\n\t\t\t\t<\/div>","protected":false},"excerpt":{"rendered":"<p>Privacy Policy Effective Date: January 1, 2025 (referred to as \u201cwe,\u201d \u201cus,\u201d or \u201cour\u201d) respects your privacy and is committed to protecting your personal information. This Privacy Policy outlines how we collect, use, and safeguard your data when you visit our website. 1. Information We Collect Personal Information: When you contact us, sign up for [&hellip;]<\/p>\n","protected":false},"author":2,"featured_media":5692,"parent":0,"menu_order":0,"comment_status":"closed","ping_status":"closed","template":"","meta":{"footnotes":""},"class_list":["post-1910","page","type-page","status-publish","has-post-thumbnail","hentry"],"yoast_head":"<!-- This site is optimized with the Yoast SEO plugin v27.2 - https:\/\/yoast.com\/product\/yoast-seo-wordpress\/ -->\n<title>Privacy Policy - SMART Local Union 49 Joint Apprenticeship Training Program<\/title>\n<meta name=\"description\" content=\"Learn how we collect, use, and protect your personal information on our website. Read our privacy policy for full details on data security and user rights.\" \/>\n<meta name=\"robots\" content=\"index, follow, max-snippet:-1, max-image-preview:large, max-video-preview:-1\" \/>\n<link rel=\"canonical\" href=\"https:\/\/smartlu49jatc.com\/es\/privacy-policy\/\" \/>\n<meta property=\"og:locale\" content=\"es_MX\" \/>\n<meta property=\"og:type\" content=\"article\" \/>\n<meta property=\"og:title\" content=\"Privacy Policy - SMART Local Union 49 Joint Apprenticeship Training Program\" \/>\n<meta property=\"og:description\" content=\"Learn how we collect, use, and protect your personal information on our website. Read our privacy policy for full details on data security and user rights.\" \/>\n<meta property=\"og:url\" content=\"https:\/\/smartlu49jatc.com\/es\/privacy-policy\/\" \/>\n<meta property=\"og:site_name\" content=\"SMART Local Union 49 Joint Apprenticeship Training Program\" \/>\n<meta property=\"article:publisher\" content=\"https:\/\/www.facebook.com\/100083041317496\" \/>\n<meta property=\"article:modified_time\" content=\"2025-06-25T16:09:00+00:00\" \/>\n<meta property=\"og:image\" content=\"https:\/\/smartlu49jatc.com\/wp-content\/uploads\/JATC-APPRENTICE-HERO-7.webp\" \/>\n\t<meta property=\"og:image:width\" content=\"1920\" \/>\n\t<meta property=\"og:image:height\" content=\"1080\" \/>\n\t<meta property=\"og:image:type\" content=\"image\/webp\" \/>\n<meta name=\"twitter:card\" content=\"summary_large_image\" \/>\n<meta name=\"twitter:label1\" content=\"Tiempo de lectura\" \/>\n\t<meta name=\"twitter:data1\" content=\"2 minutos\" \/>\n<script type=\"application\/ld+json\" class=\"yoast-schema-graph\">{\"@context\":\"https:\/\/schema.org\",\"@graph\":[{\"@type\":\"WebPage\",\"@id\":\"https:\/\/smartlu49jatc.com\/privacy-policy\/\",\"url\":\"https:\/\/smartlu49jatc.com\/privacy-policy\/\",\"name\":\"Privacy Policy - SMART Local Union 49 Joint Apprenticeship Training Program\",\"isPartOf\":{\"@id\":\"https:\/\/smartlu49jatc.com\/#website\"},\"primaryImageOfPage\":{\"@id\":\"https:\/\/smartlu49jatc.com\/privacy-policy\/#primaryimage\"},\"image\":{\"@id\":\"https:\/\/smartlu49jatc.com\/privacy-policy\/#primaryimage\"},\"thumbnailUrl\":\"https:\/\/smartlu49jatc.com\/wp-content\/uploads\/JATC-APPRENTICE-HERO-7.webp\",\"datePublished\":\"2024-12-19T01:18:26+00:00\",\"dateModified\":\"2025-06-25T16:09:00+00:00\",\"description\":\"Learn how we collect, use, and protect your personal information on our website. Read our privacy policy for full details on data security and user rights.\",\"breadcrumb\":{\"@id\":\"https:\/\/smartlu49jatc.com\/privacy-policy\/#breadcrumb\"},\"inLanguage\":\"es\",\"potentialAction\":[{\"@type\":\"ReadAction\",\"target\":[\"https:\/\/smartlu49jatc.com\/privacy-policy\/\"]}]},{\"@type\":\"ImageObject\",\"inLanguage\":\"es\",\"@id\":\"https:\/\/smartlu49jatc.com\/privacy-policy\/#primaryimage\",\"url\":\"https:\/\/smartlu49jatc.com\/wp-content\/uploads\/JATC-APPRENTICE-HERO-7.webp\",\"contentUrl\":\"https:\/\/smartlu49jatc.com\/wp-content\/uploads\/JATC-APPRENTICE-HERO-7.webp\",\"width\":1920,\"height\":1080},{\"@type\":\"BreadcrumbList\",\"@id\":\"https:\/\/smartlu49jatc.com\/privacy-policy\/#breadcrumb\",\"itemListElement\":[{\"@type\":\"ListItem\",\"position\":1,\"name\":\"Home\",\"item\":\"https:\/\/smartlu49jatc.com\/\"},{\"@type\":\"ListItem\",\"position\":2,\"name\":\"Privacy Policy\"}]},{\"@type\":\"WebSite\",\"@id\":\"https:\/\/smartlu49jatc.com\/#website\",\"url\":\"https:\/\/smartlu49jatc.com\/\",\"name\":\"SMART Local Union 49 Joint Apprenticeship Training Program\",\"description\":\"Local 49 JATC\",\"publisher\":{\"@id\":\"https:\/\/smartlu49jatc.com\/#organization\"},\"potentialAction\":[{\"@type\":\"SearchAction\",\"target\":{\"@type\":\"EntryPoint\",\"urlTemplate\":\"https:\/\/smartlu49jatc.com\/?s={search_term_string}\"},\"query-input\":{\"@type\":\"PropertyValueSpecification\",\"valueRequired\":true,\"valueName\":\"search_term_string\"}}],\"inLanguage\":\"es\"},{\"@type\":\"Organization\",\"@id\":\"https:\/\/smartlu49jatc.com\/#organization\",\"name\":\"SMART Local Union 49 Joint Apprenticeship Training Program\",\"url\":\"https:\/\/smartlu49jatc.com\/\",\"logo\":{\"@type\":\"ImageObject\",\"inLanguage\":\"es\",\"@id\":\"https:\/\/smartlu49jatc.com\/#\/schema\/logo\/image\/\",\"url\":\"https:\/\/smartlu49jatc.com\/wp-content\/uploads\/smart49-logo.webp\",\"contentUrl\":\"https:\/\/smartlu49jatc.com\/wp-content\/uploads\/smart49-logo.webp\",\"width\":1001,\"height\":357,\"caption\":\"SMART Local Union 49 Joint Apprenticeship Training Program\"},\"image\":{\"@id\":\"https:\/\/smartlu49jatc.com\/#\/schema\/logo\/image\/\"},\"sameAs\":[\"https:\/\/www.facebook.com\/100083041317496\",\"https:\/\/www.instagram.com\/SMARTLU49_JATC\"]}]}<\/script>\n<!-- \/ Yoast SEO plugin. -->","yoast_head_json":{"title":"Privacy Policy - SMART Local Union 49 Joint Apprenticeship Training Program","description":"Learn how we collect, use, and protect your personal information on our website. Read our privacy policy for full details on data security and user rights.","robots":{"index":"index","follow":"follow","max-snippet":"max-snippet:-1","max-image-preview":"max-image-preview:large","max-video-preview":"max-video-preview:-1"},"canonical":"https:\/\/smartlu49jatc.com\/es\/privacy-policy\/","og_locale":"es_MX","og_type":"article","og_title":"Privacy Policy - SMART Local Union 49 Joint Apprenticeship Training Program","og_description":"Learn how we collect, use, and protect your personal information on our website. Read our privacy policy for full details on data security and user rights.","og_url":"https:\/\/smartlu49jatc.com\/es\/privacy-policy\/","og_site_name":"SMART Local Union 49 Joint Apprenticeship Training Program","article_publisher":"https:\/\/www.facebook.com\/100083041317496","article_modified_time":"2025-06-25T16:09:00+00:00","og_image":[{"width":1920,"height":1080,"url":"https:\/\/smartlu49jatc.com\/wp-content\/uploads\/JATC-APPRENTICE-HERO-7.webp","type":"image\/webp"}],"twitter_card":"summary_large_image","twitter_misc":{"Tiempo de lectura":"2 minutos"},"schema":{"@context":"https:\/\/schema.org","@graph":[{"@type":"WebPage","@id":"https:\/\/smartlu49jatc.com\/privacy-policy\/","url":"https:\/\/smartlu49jatc.com\/privacy-policy\/","name":"Privacy Policy - SMART Local Union 49 Joint Apprenticeship Training Program","isPartOf":{"@id":"https:\/\/smartlu49jatc.com\/#website"},"primaryImageOfPage":{"@id":"https:\/\/smartlu49jatc.com\/privacy-policy\/#primaryimage"},"image":{"@id":"https:\/\/smartlu49jatc.com\/privacy-policy\/#primaryimage"},"thumbnailUrl":"https:\/\/smartlu49jatc.com\/wp-content\/uploads\/JATC-APPRENTICE-HERO-7.webp","datePublished":"2024-12-19T01:18:26+00:00","dateModified":"2025-06-25T16:09:00+00:00","description":"Learn how we collect, use, and protect your personal information on our website. Read our privacy policy for full details on data security and user rights.","breadcrumb":{"@id":"https:\/\/smartlu49jatc.com\/privacy-policy\/#breadcrumb"},"inLanguage":"es","potentialAction":[{"@type":"ReadAction","target":["https:\/\/smartlu49jatc.com\/privacy-policy\/"]}]},{"@type":"ImageObject","inLanguage":"es","@id":"https:\/\/smartlu49jatc.com\/privacy-policy\/#primaryimage","url":"https:\/\/smartlu49jatc.com\/wp-content\/uploads\/JATC-APPRENTICE-HERO-7.webp","contentUrl":"https:\/\/smartlu49jatc.com\/wp-content\/uploads\/JATC-APPRENTICE-HERO-7.webp","width":1920,"height":1080},{"@type":"BreadcrumbList","@id":"https:\/\/smartlu49jatc.com\/privacy-policy\/#breadcrumb","itemListElement":[{"@type":"ListItem","position":1,"name":"Home","item":"https:\/\/smartlu49jatc.com\/"},{"@type":"ListItem","position":2,"name":"Privacy Policy"}]},{"@type":"WebSite","@id":"https:\/\/smartlu49jatc.com\/#website","url":"https:\/\/smartlu49jatc.com\/","name":"Programa conjunto de formaci\u00f3n para aprendices SMART Local Union 49","description":"Local 49 JATC","publisher":{"@id":"https:\/\/smartlu49jatc.com\/#organization"},"potentialAction":[{"@type":"SearchAction","target":{"@type":"EntryPoint","urlTemplate":"https:\/\/smartlu49jatc.com\/?s={search_term_string}"},"query-input":{"@type":"PropertyValueSpecification","valueRequired":true,"valueName":"search_term_string"}}],"inLanguage":"es"},{"@type":"Organization","@id":"https:\/\/smartlu49jatc.com\/#organization","name":"Programa conjunto de formaci\u00f3n para aprendices SMART Local Union 49","url":"https:\/\/smartlu49jatc.com\/","logo":{"@type":"ImageObject","inLanguage":"es","@id":"https:\/\/smartlu49jatc.com\/#\/schema\/logo\/image\/","url":"https:\/\/smartlu49jatc.com\/wp-content\/uploads\/smart49-logo.webp","contentUrl":"https:\/\/smartlu49jatc.com\/wp-content\/uploads\/smart49-logo.webp","width":1001,"height":357,"caption":"SMART Local Union 49 Joint Apprenticeship Training Program"},"image":{"@id":"https:\/\/smartlu49jatc.com\/#\/schema\/logo\/image\/"},"sameAs":["https:\/\/www.facebook.com\/100083041317496","https:\/\/www.instagram.com\/SMARTLU49_JATC"]}]}},"_links":{"self":[{"href":"https:\/\/smartlu49jatc.com\/es\/wp-json\/wp\/v2\/pages\/1910","targetHints":{"allow":["GET"]}}],"collection":[{"href":"https:\/\/smartlu49jatc.com\/es\/wp-json\/wp\/v2\/pages"}],"about":[{"href":"https:\/\/smartlu49jatc.com\/es\/wp-json\/wp\/v2\/types\/page"}],"author":[{"embeddable":true,"href":"https:\/\/smartlu49jatc.com\/es\/wp-json\/wp\/v2\/users\/2"}],"replies":[{"embeddable":true,"href":"https:\/\/smartlu49jatc.com\/es\/wp-json\/wp\/v2\/comments?post=1910"}],"version-history":[{"count":23,"href":"https:\/\/smartlu49jatc.com\/es\/wp-json\/wp\/v2\/pages\/1910\/revisions"}],"predecessor-version":[{"id":5403,"href":"https:\/\/smartlu49jatc.com\/es\/wp-json\/wp\/v2\/pages\/1910\/revisions\/5403"}],"wp:featuredmedia":[{"embeddable":true,"href":"https:\/\/smartlu49jatc.com\/es\/wp-json\/wp\/v2\/media\/5692"}],"wp:attachment":[{"href":"https:\/\/smartlu49jatc.com\/es\/wp-json\/wp\/v2\/media?parent=1910"}],"curies":[{"name":"wp","href":"https:\/\/api.w.org\/{rel}","templated":true}]}}