{"id":1913,"date":"2024-12-18T17:20:04","date_gmt":"2024-12-19T01:20:04","guid":{"rendered":"https:\/\/smjatc.com\/?page_id=1913"},"modified":"2025-06-25T12:10:02","modified_gmt":"2025-06-25T16:10:02","slug":"terms-of-use","status":"publish","type":"page","link":"https:\/\/smartlu49jatc.com\/es\/terms-of-use\/","title":{"rendered":"Condiciones de uso"},"content":{"rendered":"<div data-elementor-type=\"wp-page\" data-elementor-id=\"1913\" class=\"elementor elementor-1913\" data-elementor-post-type=\"page\">\n\t\t\t\t<div data-particle_enable=\"false\" data-particle-mobile-disabled=\"false\" class=\"elementor-element elementor-element-30a242f e-con-full e-flex e-con e-parent\" data-id=\"30a242f\" data-element_type=\"container\" data-e-type=\"container\" data-settings=\"{&quot;background_background&quot;:&quot;classic&quot;}\">\n\t\t<div data-particle_enable=\"false\" data-particle-mobile-disabled=\"false\" class=\"elementor-element elementor-element-0f7db35 e-con-full boxbox e-flex e-con e-child\" data-id=\"0f7db35\" data-element_type=\"container\" data-e-type=\"container\">\n\t\t\t\t<div class=\"elementor-element elementor-element-88b3c56 elementor-widget elementor-widget-heading\" data-id=\"88b3c56\" data-element_type=\"widget\" data-e-type=\"widget\" data-widget_type=\"heading.default\">\n\t\t\t\t\t<h1 class=\"elementor-heading-title elementor-size-default\">Condiciones de uso<\/h1>\t\t\t\t<\/div>\n\t\t\t\t<div class=\"elementor-element elementor-element-9626962 elementor-widget elementor-widget-text-editor\" data-id=\"9626962\" data-element_type=\"widget\" data-e-type=\"widget\" data-widget_type=\"text-editor.default\">\n\t\t\t\t\t\t\t\t\t<p>Fecha de entrada en vigor: 1 de enero de 2025<\/p><p>Bienvenido a SMART Local Union 49 JATC (el \"Sitio Web\"). Al acceder o utilizar nuestro Sitio Web, usted acepta los siguientes t\u00e9rminos y condiciones. Si no est\u00e1 de acuerdo, por favor no utilice el Sitio Web.<\/p><h4><strong>1. Uso del sitio web<\/strong><\/h4><p>Usted se compromete a utilizar este sitio web \u00fanicamente con fines l\u00edcitos. Usted no puede:<\/p><ul><li>Modificar, reproducir o distribuir contenidos sin autorizaci\u00f3n.<\/li><li>Utilizar el Sitio Web de forma que perjudique su funcionalidad o seguridad.<\/li><li>Intentar acceder sin autorizaci\u00f3n a cualquier parte del Sitio Web.<\/li><\/ul><h4><strong>2. 2. Propiedad intelectual<\/strong><\/h4><p>Todo el contenido de este sitio web, incluyendo texto, im\u00e1genes y dise\u00f1o, es propiedad de SMART Local Union 49 JATC o sus licenciantes y est\u00e1 protegido por las leyes de derechos de autor.<\/p><h4><strong>3. Limitaci\u00f3n de responsabilidad<\/strong><\/h4><p>SMART Local Union 49 JATC no se hace responsable de ning\u00fan da\u00f1o derivado del uso de este sitio web o de su contenido.<\/p><h4><strong>4. Enlaces de terceros<\/strong><\/h4><p>Este sitio web puede contener enlaces a sitios web de terceros. No somos responsables de su contenido ni de sus pr\u00e1cticas de privacidad.<\/p><h4><strong>5. 5. Modificaci\u00f3n de las condiciones<\/strong><\/h4><p>Podemos actualizar estas Condiciones de uso en cualquier momento. El uso continuado del sitio web despu\u00e9s de los cambios significa su aceptaci\u00f3n.<\/p><h4><strong>6. Contacto<\/strong><\/h4><p>Si tiene alguna pregunta sobre estas Condiciones de uso, p\u00f3ngase en contacto con nosotros en:<\/p><p>info@smartlu49jatc.com<br \/>(505) 242-4262<\/p>\t\t\t\t\t\t\t\t<\/div>\n\t\t\t\t<\/div>\n\t\t\t\t<\/div>\n\t\t\t\t<\/div>","protected":false},"excerpt":{"rendered":"<p>Terms of Use Effective Date: January 1, 2025 Welcome to (the &#8220;Website&#8221;). By accessing or using our Website, you agree to the following terms and conditions. If you do not agree, please do not use the Website. 1. Use of the Website You agree to use this Website for lawful purposes only. You may not: [&hellip;]<\/p>\n","protected":false},"author":2,"featured_media":5692,"parent":0,"menu_order":0,"comment_status":"closed","ping_status":"closed","template":"","meta":{"footnotes":""},"class_list":["post-1913","page","type-page","status-publish","has-post-thumbnail","hentry"],"yoast_head":"<!-- This site is optimized with the Yoast SEO plugin v27.2 - https:\/\/yoast.com\/product\/yoast-seo-wordpress\/ -->\n<title>Terms of Use - SMART Local Union 49 Joint Apprenticeship Training Program<\/title>\n<meta name=\"description\" content=\"Review the terms and conditions for using our website. Learn about your rights, responsibilities, and important legal information.\" \/>\n<meta name=\"robots\" content=\"index, follow, max-snippet:-1, max-image-preview:large, max-video-preview:-1\" \/>\n<link rel=\"canonical\" href=\"https:\/\/smartlu49jatc.com\/es\/terms-of-use\/\" \/>\n<meta property=\"og:locale\" content=\"es_MX\" \/>\n<meta property=\"og:type\" content=\"article\" \/>\n<meta property=\"og:title\" content=\"Terms of Use - SMART Local Union 49 Joint Apprenticeship Training Program\" \/>\n<meta property=\"og:description\" content=\"Review the terms and conditions for using our website. Learn about your rights, responsibilities, and important legal information.\" \/>\n<meta property=\"og:url\" content=\"https:\/\/smartlu49jatc.com\/es\/terms-of-use\/\" \/>\n<meta property=\"og:site_name\" content=\"SMART Local Union 49 Joint Apprenticeship Training Program\" \/>\n<meta property=\"article:publisher\" content=\"https:\/\/www.facebook.com\/100083041317496\" \/>\n<meta property=\"article:modified_time\" content=\"2025-06-25T16:10:02+00:00\" \/>\n<meta property=\"og:image\" content=\"https:\/\/smartlu49jatc.com\/wp-content\/uploads\/JATC-APPRENTICE-HERO-7.webp\" \/>\n\t<meta property=\"og:image:width\" content=\"1920\" \/>\n\t<meta property=\"og:image:height\" content=\"1080\" \/>\n\t<meta property=\"og:image:type\" content=\"image\/webp\" \/>\n<meta name=\"twitter:card\" content=\"summary_large_image\" \/>\n<meta name=\"twitter:label1\" content=\"Tiempo de lectura\" \/>\n\t<meta name=\"twitter:data1\" content=\"2 minutos\" \/>\n<script type=\"application\/ld+json\" class=\"yoast-schema-graph\">{\"@context\":\"https:\/\/schema.org\",\"@graph\":[{\"@type\":\"WebPage\",\"@id\":\"https:\/\/smartlu49jatc.com\/terms-of-use\/\",\"url\":\"https:\/\/smartlu49jatc.com\/terms-of-use\/\",\"name\":\"Terms of Use - SMART Local Union 49 Joint Apprenticeship Training Program\",\"isPartOf\":{\"@id\":\"https:\/\/smartlu49jatc.com\/#website\"},\"primaryImageOfPage\":{\"@id\":\"https:\/\/smartlu49jatc.com\/terms-of-use\/#primaryimage\"},\"image\":{\"@id\":\"https:\/\/smartlu49jatc.com\/terms-of-use\/#primaryimage\"},\"thumbnailUrl\":\"https:\/\/smartlu49jatc.com\/wp-content\/uploads\/JATC-APPRENTICE-HERO-7.webp\",\"datePublished\":\"2024-12-19T01:20:04+00:00\",\"dateModified\":\"2025-06-25T16:10:02+00:00\",\"description\":\"Review the terms and conditions for using our website. Learn about your rights, responsibilities, and important legal information.\",\"breadcrumb\":{\"@id\":\"https:\/\/smartlu49jatc.com\/terms-of-use\/#breadcrumb\"},\"inLanguage\":\"es\",\"potentialAction\":[{\"@type\":\"ReadAction\",\"target\":[\"https:\/\/smartlu49jatc.com\/terms-of-use\/\"]}]},{\"@type\":\"ImageObject\",\"inLanguage\":\"es\",\"@id\":\"https:\/\/smartlu49jatc.com\/terms-of-use\/#primaryimage\",\"url\":\"https:\/\/smartlu49jatc.com\/wp-content\/uploads\/JATC-APPRENTICE-HERO-7.webp\",\"contentUrl\":\"https:\/\/smartlu49jatc.com\/wp-content\/uploads\/JATC-APPRENTICE-HERO-7.webp\",\"width\":1920,\"height\":1080},{\"@type\":\"BreadcrumbList\",\"@id\":\"https:\/\/smartlu49jatc.com\/terms-of-use\/#breadcrumb\",\"itemListElement\":[{\"@type\":\"ListItem\",\"position\":1,\"name\":\"Home\",\"item\":\"https:\/\/smartlu49jatc.com\/\"},{\"@type\":\"ListItem\",\"position\":2,\"name\":\"Terms of Use\"}]},{\"@type\":\"WebSite\",\"@id\":\"https:\/\/smartlu49jatc.com\/#website\",\"url\":\"https:\/\/smartlu49jatc.com\/\",\"name\":\"SMART Local Union 49 Joint Apprenticeship Training Program\",\"description\":\"Local 49 JATC\",\"publisher\":{\"@id\":\"https:\/\/smartlu49jatc.com\/#organization\"},\"potentialAction\":[{\"@type\":\"SearchAction\",\"target\":{\"@type\":\"EntryPoint\",\"urlTemplate\":\"https:\/\/smartlu49jatc.com\/?s={search_term_string}\"},\"query-input\":{\"@type\":\"PropertyValueSpecification\",\"valueRequired\":true,\"valueName\":\"search_term_string\"}}],\"inLanguage\":\"es\"},{\"@type\":\"Organization\",\"@id\":\"https:\/\/smartlu49jatc.com\/#organization\",\"name\":\"SMART Local Union 49 Joint Apprenticeship Training Program\",\"url\":\"https:\/\/smartlu49jatc.com\/\",\"logo\":{\"@type\":\"ImageObject\",\"inLanguage\":\"es\",\"@id\":\"https:\/\/smartlu49jatc.com\/#\/schema\/logo\/image\/\",\"url\":\"https:\/\/smartlu49jatc.com\/wp-content\/uploads\/smart49-logo.webp\",\"contentUrl\":\"https:\/\/smartlu49jatc.com\/wp-content\/uploads\/smart49-logo.webp\",\"width\":1001,\"height\":357,\"caption\":\"SMART Local Union 49 Joint Apprenticeship Training Program\"},\"image\":{\"@id\":\"https:\/\/smartlu49jatc.com\/#\/schema\/logo\/image\/\"},\"sameAs\":[\"https:\/\/www.facebook.com\/100083041317496\",\"https:\/\/www.instagram.com\/SMARTLU49_JATC\"]}]}<\/script>\n<!-- \/ Yoast SEO plugin. -->","yoast_head_json":{"title":"Terms of Use - SMART Local Union 49 Joint Apprenticeship Training Program","description":"Review the terms and conditions for using our website. Learn about your rights, responsibilities, and important legal information.","robots":{"index":"index","follow":"follow","max-snippet":"max-snippet:-1","max-image-preview":"max-image-preview:large","max-video-preview":"max-video-preview:-1"},"canonical":"https:\/\/smartlu49jatc.com\/es\/terms-of-use\/","og_locale":"es_MX","og_type":"article","og_title":"Terms of Use - SMART Local Union 49 Joint Apprenticeship Training Program","og_description":"Review the terms and conditions for using our website. Learn about your rights, responsibilities, and important legal information.","og_url":"https:\/\/smartlu49jatc.com\/es\/terms-of-use\/","og_site_name":"SMART Local Union 49 Joint Apprenticeship Training Program","article_publisher":"https:\/\/www.facebook.com\/100083041317496","article_modified_time":"2025-06-25T16:10:02+00:00","og_image":[{"width":1920,"height":1080,"url":"https:\/\/smartlu49jatc.com\/wp-content\/uploads\/JATC-APPRENTICE-HERO-7.webp","type":"image\/webp"}],"twitter_card":"summary_large_image","twitter_misc":{"Tiempo de lectura":"2 minutos"},"schema":{"@context":"https:\/\/schema.org","@graph":[{"@type":"WebPage","@id":"https:\/\/smartlu49jatc.com\/terms-of-use\/","url":"https:\/\/smartlu49jatc.com\/terms-of-use\/","name":"Terms of Use - SMART Local Union 49 Joint Apprenticeship Training Program","isPartOf":{"@id":"https:\/\/smartlu49jatc.com\/#website"},"primaryImageOfPage":{"@id":"https:\/\/smartlu49jatc.com\/terms-of-use\/#primaryimage"},"image":{"@id":"https:\/\/smartlu49jatc.com\/terms-of-use\/#primaryimage"},"thumbnailUrl":"https:\/\/smartlu49jatc.com\/wp-content\/uploads\/JATC-APPRENTICE-HERO-7.webp","datePublished":"2024-12-19T01:20:04+00:00","dateModified":"2025-06-25T16:10:02+00:00","description":"Review the terms and conditions for using our website. Learn about your rights, responsibilities, and important legal information.","breadcrumb":{"@id":"https:\/\/smartlu49jatc.com\/terms-of-use\/#breadcrumb"},"inLanguage":"es","potentialAction":[{"@type":"ReadAction","target":["https:\/\/smartlu49jatc.com\/terms-of-use\/"]}]},{"@type":"ImageObject","inLanguage":"es","@id":"https:\/\/smartlu49jatc.com\/terms-of-use\/#primaryimage","url":"https:\/\/smartlu49jatc.com\/wp-content\/uploads\/JATC-APPRENTICE-HERO-7.webp","contentUrl":"https:\/\/smartlu49jatc.com\/wp-content\/uploads\/JATC-APPRENTICE-HERO-7.webp","width":1920,"height":1080},{"@type":"BreadcrumbList","@id":"https:\/\/smartlu49jatc.com\/terms-of-use\/#breadcrumb","itemListElement":[{"@type":"ListItem","position":1,"name":"Home","item":"https:\/\/smartlu49jatc.com\/"},{"@type":"ListItem","position":2,"name":"Terms of Use"}]},{"@type":"WebSite","@id":"https:\/\/smartlu49jatc.com\/#website","url":"https:\/\/smartlu49jatc.com\/","name":"Programa conjunto de formaci\u00f3n para aprendices SMART Local Union 49","description":"Local 49 JATC","publisher":{"@id":"https:\/\/smartlu49jatc.com\/#organization"},"potentialAction":[{"@type":"SearchAction","target":{"@type":"EntryPoint","urlTemplate":"https:\/\/smartlu49jatc.com\/?s={search_term_string}"},"query-input":{"@type":"PropertyValueSpecification","valueRequired":true,"valueName":"search_term_string"}}],"inLanguage":"es"},{"@type":"Organization","@id":"https:\/\/smartlu49jatc.com\/#organization","name":"Programa conjunto de formaci\u00f3n para aprendices SMART Local Union 49","url":"https:\/\/smartlu49jatc.com\/","logo":{"@type":"ImageObject","inLanguage":"es","@id":"https:\/\/smartlu49jatc.com\/#\/schema\/logo\/image\/","url":"https:\/\/smartlu49jatc.com\/wp-content\/uploads\/smart49-logo.webp","contentUrl":"https:\/\/smartlu49jatc.com\/wp-content\/uploads\/smart49-logo.webp","width":1001,"height":357,"caption":"SMART Local Union 49 Joint Apprenticeship Training Program"},"image":{"@id":"https:\/\/smartlu49jatc.com\/#\/schema\/logo\/image\/"},"sameAs":["https:\/\/www.facebook.com\/100083041317496","https:\/\/www.instagram.com\/SMARTLU49_JATC"]}]}},"_links":{"self":[{"href":"https:\/\/smartlu49jatc.com\/es\/wp-json\/wp\/v2\/pages\/1913","targetHints":{"allow":["GET"]}}],"collection":[{"href":"https:\/\/smartlu49jatc.com\/es\/wp-json\/wp\/v2\/pages"}],"about":[{"href":"https:\/\/smartlu49jatc.com\/es\/wp-json\/wp\/v2\/types\/page"}],"author":[{"embeddable":true,"href":"https:\/\/smartlu49jatc.com\/es\/wp-json\/wp\/v2\/users\/2"}],"replies":[{"embeddable":true,"href":"https:\/\/smartlu49jatc.com\/es\/wp-json\/wp\/v2\/comments?post=1913"}],"version-history":[{"count":19,"href":"https:\/\/smartlu49jatc.com\/es\/wp-json\/wp\/v2\/pages\/1913\/revisions"}],"predecessor-version":[{"id":5400,"href":"https:\/\/smartlu49jatc.com\/es\/wp-json\/wp\/v2\/pages\/1913\/revisions\/5400"}],"wp:featuredmedia":[{"embeddable":true,"href":"https:\/\/smartlu49jatc.com\/es\/wp-json\/wp\/v2\/media\/5692"}],"wp:attachment":[{"href":"https:\/\/smartlu49jatc.com\/es\/wp-json\/wp\/v2\/media?parent=1913"}],"curies":[{"name":"wp","href":"https:\/\/api.w.org\/{rel}","templated":true}]}}