{"id":4773,"date":"2025-01-28T13:12:34","date_gmt":"2025-01-28T18:12:34","guid":{"rendered":"http:\/\/smartlu49jatc.com\/?page_id=4773"},"modified":"2025-06-25T12:09:12","modified_gmt":"2025-06-25T16:09:12","slug":"equal-employment-opportunity-pledge","status":"publish","type":"page","link":"https:\/\/smartlu49jatc.com\/es\/equal-employment-opportunity-pledge\/","title":{"rendered":"Compromiso de igualdad de oportunidades en el empleo"},"content":{"rendered":"<div data-elementor-type=\"wp-page\" data-elementor-id=\"4773\" class=\"elementor elementor-4773\" data-elementor-post-type=\"page\">\n\t\t\t\t<div data-particle_enable=\"false\" data-particle-mobile-disabled=\"false\" class=\"elementor-element elementor-element-6c1b83c e-con-full e-flex e-con e-parent\" data-id=\"6c1b83c\" data-element_type=\"container\" data-e-type=\"container\" data-settings=\"{&quot;background_background&quot;:&quot;classic&quot;}\">\n\t\t<div data-particle_enable=\"false\" data-particle-mobile-disabled=\"false\" class=\"elementor-element elementor-element-fe7e1a6 e-con-full boxbox e-flex e-con e-child\" data-id=\"fe7e1a6\" data-element_type=\"container\" data-e-type=\"container\">\n\t\t\t\t<div class=\"elementor-element elementor-element-7c3641d elementor-widget elementor-widget-heading\" data-id=\"7c3641d\" data-element_type=\"widget\" data-e-type=\"widget\" data-widget_type=\"heading.default\">\n\t\t\t\t\t<h1 class=\"elementor-heading-title elementor-size-default\">Compromiso de igualdad de oportunidades en el empleo\n<\/h1>\t\t\t\t<\/div>\n\t\t\t\t<div class=\"elementor-element elementor-element-ad2a785 elementor-widget elementor-widget-text-editor\" data-id=\"ad2a785\" data-element_type=\"widget\" data-e-type=\"widget\" data-widget_type=\"text-editor.default\">\n\t\t\t\t\t\t\t\t\tSMART Local Union 49 JATC no discrimina contra los solicitantes de aprendizaje, aprendices o miembros por motivos de raza, color, religi\u00f3n, origen nacional, sexo (incluyendo embarazo e identidad de g\u00e9nero), orientaci\u00f3n sexual, condici\u00f3n de veterano, o condici\u00f3n de discapacidad para las personas de 18 a\u00f1os de edad o m\u00e1s. SMART Local Union 49 JATC activamente toma acci\u00f3n afirmativa para asegurar igualdad de oportunidades en su programa de aprendizaje, operando en total conformidad con este Plan y el T\u00edtulo 29 CFR, parte 30.\t\t\t\t\t\t\t\t<\/div>\n\t\t\t\t<\/div>\n\t\t\t\t<\/div>\n\t\t\t\t<\/div>","protected":false},"excerpt":{"rendered":"<p>Equal Employment Opportunity Pledge does not discriminate against apprenticeship applicants, apprentices, or members based on race, color, religion, national origin, sex (including pregnancy and gender identity), sexual orientation, veteran status, or disability status for individuals 18 years of age or older. actively takes affirmative action to ensure equal opportunity in its apprenticeship program, operating in [&hellip;]<\/p>\n","protected":false},"author":2,"featured_media":5692,"parent":0,"menu_order":0,"comment_status":"closed","ping_status":"closed","template":"","meta":{"footnotes":""},"class_list":["post-4773","page","type-page","status-publish","has-post-thumbnail","hentry"],"yoast_head":"<!-- This site is optimized with the Yoast SEO plugin v27.2 - https:\/\/yoast.com\/product\/yoast-seo-wordpress\/ -->\n<title>Equal Employment Opportunity Pledge - SMART Local Union 49 Joint Apprenticeship Training Program<\/title>\n<meta name=\"robots\" content=\"index, follow, max-snippet:-1, max-image-preview:large, max-video-preview:-1\" \/>\n<link rel=\"canonical\" href=\"https:\/\/smartlu49jatc.com\/es\/equal-employment-opportunity-pledge\/\" \/>\n<meta property=\"og:locale\" content=\"es_MX\" \/>\n<meta property=\"og:type\" content=\"article\" \/>\n<meta property=\"og:title\" content=\"Equal Employment Opportunity Pledge - SMART Local Union 49 Joint Apprenticeship Training Program\" \/>\n<meta property=\"og:description\" content=\"Equal Employment Opportunity Pledge does not discriminate against apprenticeship applicants, apprentices, or members based on race, color, religion, national origin, sex (including pregnancy and gender identity), sexual orientation, veteran status, or disability status for individuals 18 years of age or older. actively takes affirmative action to ensure equal opportunity in its apprenticeship program, operating in [&hellip;]\" \/>\n<meta property=\"og:url\" content=\"https:\/\/smartlu49jatc.com\/es\/equal-employment-opportunity-pledge\/\" \/>\n<meta property=\"og:site_name\" content=\"SMART Local Union 49 Joint Apprenticeship Training Program\" \/>\n<meta property=\"article:publisher\" content=\"https:\/\/www.facebook.com\/100083041317496\" \/>\n<meta property=\"article:modified_time\" content=\"2025-06-25T16:09:12+00:00\" \/>\n<meta property=\"og:image\" content=\"https:\/\/smartlu49jatc.com\/wp-content\/uploads\/JATC-APPRENTICE-HERO-7.webp\" \/>\n\t<meta property=\"og:image:width\" content=\"1920\" \/>\n\t<meta property=\"og:image:height\" content=\"1080\" \/>\n\t<meta property=\"og:image:type\" content=\"image\/webp\" \/>\n<meta name=\"twitter:card\" content=\"summary_large_image\" \/>\n<meta name=\"twitter:label1\" content=\"Tiempo de lectura\" \/>\n\t<meta name=\"twitter:data1\" content=\"1 minuto\" \/>\n<script type=\"application\/ld+json\" class=\"yoast-schema-graph\">{\"@context\":\"https:\/\/schema.org\",\"@graph\":[{\"@type\":\"WebPage\",\"@id\":\"https:\/\/smartlu49jatc.com\/equal-employment-opportunity-pledge\/\",\"url\":\"https:\/\/smartlu49jatc.com\/equal-employment-opportunity-pledge\/\",\"name\":\"Equal Employment Opportunity Pledge - SMART Local Union 49 Joint Apprenticeship Training Program\",\"isPartOf\":{\"@id\":\"https:\/\/smartlu49jatc.com\/#website\"},\"primaryImageOfPage\":{\"@id\":\"https:\/\/smartlu49jatc.com\/equal-employment-opportunity-pledge\/#primaryimage\"},\"image\":{\"@id\":\"https:\/\/smartlu49jatc.com\/equal-employment-opportunity-pledge\/#primaryimage\"},\"thumbnailUrl\":\"https:\/\/smartlu49jatc.com\/wp-content\/uploads\/JATC-APPRENTICE-HERO-7.webp\",\"datePublished\":\"2025-01-28T18:12:34+00:00\",\"dateModified\":\"2025-06-25T16:09:12+00:00\",\"breadcrumb\":{\"@id\":\"https:\/\/smartlu49jatc.com\/equal-employment-opportunity-pledge\/#breadcrumb\"},\"inLanguage\":\"es\",\"potentialAction\":[{\"@type\":\"ReadAction\",\"target\":[\"https:\/\/smartlu49jatc.com\/equal-employment-opportunity-pledge\/\"]}]},{\"@type\":\"ImageObject\",\"inLanguage\":\"es\",\"@id\":\"https:\/\/smartlu49jatc.com\/equal-employment-opportunity-pledge\/#primaryimage\",\"url\":\"https:\/\/smartlu49jatc.com\/wp-content\/uploads\/JATC-APPRENTICE-HERO-7.webp\",\"contentUrl\":\"https:\/\/smartlu49jatc.com\/wp-content\/uploads\/JATC-APPRENTICE-HERO-7.webp\",\"width\":1920,\"height\":1080},{\"@type\":\"BreadcrumbList\",\"@id\":\"https:\/\/smartlu49jatc.com\/equal-employment-opportunity-pledge\/#breadcrumb\",\"itemListElement\":[{\"@type\":\"ListItem\",\"position\":1,\"name\":\"Home\",\"item\":\"https:\/\/smartlu49jatc.com\/\"},{\"@type\":\"ListItem\",\"position\":2,\"name\":\"Equal Employment Opportunity Pledge\"}]},{\"@type\":\"WebSite\",\"@id\":\"https:\/\/smartlu49jatc.com\/#website\",\"url\":\"https:\/\/smartlu49jatc.com\/\",\"name\":\"SMART Local Union 49 Joint Apprenticeship Training Program\",\"description\":\"Local 49 JATC\",\"publisher\":{\"@id\":\"https:\/\/smartlu49jatc.com\/#organization\"},\"potentialAction\":[{\"@type\":\"SearchAction\",\"target\":{\"@type\":\"EntryPoint\",\"urlTemplate\":\"https:\/\/smartlu49jatc.com\/?s={search_term_string}\"},\"query-input\":{\"@type\":\"PropertyValueSpecification\",\"valueRequired\":true,\"valueName\":\"search_term_string\"}}],\"inLanguage\":\"es\"},{\"@type\":\"Organization\",\"@id\":\"https:\/\/smartlu49jatc.com\/#organization\",\"name\":\"SMART Local Union 49 Joint Apprenticeship Training Program\",\"url\":\"https:\/\/smartlu49jatc.com\/\",\"logo\":{\"@type\":\"ImageObject\",\"inLanguage\":\"es\",\"@id\":\"https:\/\/smartlu49jatc.com\/#\/schema\/logo\/image\/\",\"url\":\"https:\/\/smartlu49jatc.com\/wp-content\/uploads\/smart49-logo.webp\",\"contentUrl\":\"https:\/\/smartlu49jatc.com\/wp-content\/uploads\/smart49-logo.webp\",\"width\":1001,\"height\":357,\"caption\":\"SMART Local Union 49 Joint Apprenticeship Training Program\"},\"image\":{\"@id\":\"https:\/\/smartlu49jatc.com\/#\/schema\/logo\/image\/\"},\"sameAs\":[\"https:\/\/www.facebook.com\/100083041317496\",\"https:\/\/www.instagram.com\/SMARTLU49_JATC\"]}]}<\/script>\n<!-- \/ Yoast SEO plugin. -->","yoast_head_json":{"title":"Compromiso de igualdad de oportunidades en el empleo - SMART Local Union 49 Joint Apprenticeship Training Program","robots":{"index":"index","follow":"follow","max-snippet":"max-snippet:-1","max-image-preview":"max-image-preview:large","max-video-preview":"max-video-preview:-1"},"canonical":"https:\/\/smartlu49jatc.com\/es\/equal-employment-opportunity-pledge\/","og_locale":"es_MX","og_type":"article","og_title":"Equal Employment Opportunity Pledge - SMART Local Union 49 Joint Apprenticeship Training Program","og_description":"Equal Employment Opportunity Pledge does not discriminate against apprenticeship applicants, apprentices, or members based on race, color, religion, national origin, sex (including pregnancy and gender identity), sexual orientation, veteran status, or disability status for individuals 18 years of age or older. actively takes affirmative action to ensure equal opportunity in its apprenticeship program, operating in [&hellip;]","og_url":"https:\/\/smartlu49jatc.com\/es\/equal-employment-opportunity-pledge\/","og_site_name":"SMART Local Union 49 Joint Apprenticeship Training Program","article_publisher":"https:\/\/www.facebook.com\/100083041317496","article_modified_time":"2025-06-25T16:09:12+00:00","og_image":[{"width":1920,"height":1080,"url":"https:\/\/smartlu49jatc.com\/wp-content\/uploads\/JATC-APPRENTICE-HERO-7.webp","type":"image\/webp"}],"twitter_card":"summary_large_image","twitter_misc":{"Tiempo de lectura":"1 minuto"},"schema":{"@context":"https:\/\/schema.org","@graph":[{"@type":"WebPage","@id":"https:\/\/smartlu49jatc.com\/equal-employment-opportunity-pledge\/","url":"https:\/\/smartlu49jatc.com\/equal-employment-opportunity-pledge\/","name":"Compromiso de igualdad de oportunidades en el empleo - SMART Local Union 49 Joint Apprenticeship Training Program","isPartOf":{"@id":"https:\/\/smartlu49jatc.com\/#website"},"primaryImageOfPage":{"@id":"https:\/\/smartlu49jatc.com\/equal-employment-opportunity-pledge\/#primaryimage"},"image":{"@id":"https:\/\/smartlu49jatc.com\/equal-employment-opportunity-pledge\/#primaryimage"},"thumbnailUrl":"https:\/\/smartlu49jatc.com\/wp-content\/uploads\/JATC-APPRENTICE-HERO-7.webp","datePublished":"2025-01-28T18:12:34+00:00","dateModified":"2025-06-25T16:09:12+00:00","breadcrumb":{"@id":"https:\/\/smartlu49jatc.com\/equal-employment-opportunity-pledge\/#breadcrumb"},"inLanguage":"es","potentialAction":[{"@type":"ReadAction","target":["https:\/\/smartlu49jatc.com\/equal-employment-opportunity-pledge\/"]}]},{"@type":"ImageObject","inLanguage":"es","@id":"https:\/\/smartlu49jatc.com\/equal-employment-opportunity-pledge\/#primaryimage","url":"https:\/\/smartlu49jatc.com\/wp-content\/uploads\/JATC-APPRENTICE-HERO-7.webp","contentUrl":"https:\/\/smartlu49jatc.com\/wp-content\/uploads\/JATC-APPRENTICE-HERO-7.webp","width":1920,"height":1080},{"@type":"BreadcrumbList","@id":"https:\/\/smartlu49jatc.com\/equal-employment-opportunity-pledge\/#breadcrumb","itemListElement":[{"@type":"ListItem","position":1,"name":"Home","item":"https:\/\/smartlu49jatc.com\/"},{"@type":"ListItem","position":2,"name":"Equal Employment Opportunity Pledge"}]},{"@type":"WebSite","@id":"https:\/\/smartlu49jatc.com\/#website","url":"https:\/\/smartlu49jatc.com\/","name":"Programa conjunto de formaci\u00f3n para aprendices SMART Local Union 49","description":"Local 49 JATC","publisher":{"@id":"https:\/\/smartlu49jatc.com\/#organization"},"potentialAction":[{"@type":"SearchAction","target":{"@type":"EntryPoint","urlTemplate":"https:\/\/smartlu49jatc.com\/?s={search_term_string}"},"query-input":{"@type":"PropertyValueSpecification","valueRequired":true,"valueName":"search_term_string"}}],"inLanguage":"es"},{"@type":"Organization","@id":"https:\/\/smartlu49jatc.com\/#organization","name":"Programa conjunto de formaci\u00f3n para aprendices SMART Local Union 49","url":"https:\/\/smartlu49jatc.com\/","logo":{"@type":"ImageObject","inLanguage":"es","@id":"https:\/\/smartlu49jatc.com\/#\/schema\/logo\/image\/","url":"https:\/\/smartlu49jatc.com\/wp-content\/uploads\/smart49-logo.webp","contentUrl":"https:\/\/smartlu49jatc.com\/wp-content\/uploads\/smart49-logo.webp","width":1001,"height":357,"caption":"SMART Local Union 49 Joint Apprenticeship Training Program"},"image":{"@id":"https:\/\/smartlu49jatc.com\/#\/schema\/logo\/image\/"},"sameAs":["https:\/\/www.facebook.com\/100083041317496","https:\/\/www.instagram.com\/SMARTLU49_JATC"]}]}},"_links":{"self":[{"href":"https:\/\/smartlu49jatc.com\/es\/wp-json\/wp\/v2\/pages\/4773","targetHints":{"allow":["GET"]}}],"collection":[{"href":"https:\/\/smartlu49jatc.com\/es\/wp-json\/wp\/v2\/pages"}],"about":[{"href":"https:\/\/smartlu49jatc.com\/es\/wp-json\/wp\/v2\/types\/page"}],"author":[{"embeddable":true,"href":"https:\/\/smartlu49jatc.com\/es\/wp-json\/wp\/v2\/users\/2"}],"replies":[{"embeddable":true,"href":"https:\/\/smartlu49jatc.com\/es\/wp-json\/wp\/v2\/comments?post=4773"}],"version-history":[{"count":16,"href":"https:\/\/smartlu49jatc.com\/es\/wp-json\/wp\/v2\/pages\/4773\/revisions"}],"predecessor-version":[{"id":5668,"href":"https:\/\/smartlu49jatc.com\/es\/wp-json\/wp\/v2\/pages\/4773\/revisions\/5668"}],"wp:featuredmedia":[{"embeddable":true,"href":"https:\/\/smartlu49jatc.com\/es\/wp-json\/wp\/v2\/media\/5692"}],"wp:attachment":[{"href":"https:\/\/smartlu49jatc.com\/es\/wp-json\/wp\/v2\/media?parent=4773"}],"curies":[{"name":"wp","href":"https:\/\/api.w.org\/{rel}","templated":true}]}}